{"id":960,"date":"2018-11-19T10:13:24","date_gmt":"2018-11-19T09:13:24","guid":{"rendered":"https:\/\/www.escalesromantiques.com\/?page_id=960"},"modified":"2018-11-19T10:13:24","modified_gmt":"2018-11-19T09:13:24","slug":"jessyca-falour","status":"publish","type":"page","link":"https:\/\/www.escalesromantiques.com\/en\/jessyca-falour\/","title":{"rendered":"Jessyca Falour"},"content":{"rendered":"<p><img decoding=\"async\" class=\"alignright wp-image-496 size-medium\" src=\"https:\/\/www.escalesromantiques.com\/wp-content\/uploads\/2018\/08\/IMG_6975-1-300x256.jpg\" alt=\"\" width=\"300\" height=\"256\" \/>Animatrice radio &amp; TV d&#8217;\u00e9missions de divertissement, sport, voyage et lifestyle depuis plus de 20 ans, Jessyca est aussi l&#8217;auteur de deux livres.<\/p>\n<p>En 2014, elle cr\u00e9e le site web m\u00e9dical <a href=\"https:\/\/www.lasantesurtout.com\/\" target=\"_blank\" rel=\"noopener\">La sant\u00e9 surtout !<\/a> et publie en 2016 &#8220;<a href=\"https:\/\/livre.fnac.com\/a9595202\/Jessyca-Falour-Ma-bible-des-questions-sante\" target=\"_blank\" rel=\"noopener\"><strong>Ma bible des questions sant\u00e9<\/strong><\/a>&#8221; (<span class=\"crumb crumblast\">\u00c9<\/span>ditions Leduc.s). Elle est aujourd&#8217;hui \u00e0 la t\u00eate de sa soci\u00e9t\u00e9 de production audiovisuelle et de contenus \u00e9ditoriaux.<\/p>\n<p>Voyageuse en mode chic et romantique, Jessyca partage sur <a href=\"https:\/\/www.ladolcevitadejessyca.com\" target=\"_blank\" rel=\"noopener\">ladolcevitadejessyca.com<\/a> ses escapades, d\u00e9couvertes, belles rencontres et bonnes adresses aux 4 coins du monde.<\/p>\n<p>&nbsp;<\/p>\n","protected":false},"excerpt":{"rendered":"<p>Animatrice radio &amp; TV d&#8217;\u00e9missions de divertissement, sport, voyage et lifestyle depuis plus de 20 ans, Jessyca est aussi l&#8217;auteur de deux livres. En 2014, elle cr\u00e9e le site web &hellip; <a href=\"https:\/\/www.escalesromantiques.com\/en\/jessyca-falour\/\" class=\"more-link\">Continue reading <span class=\"screen-reader-text\">Jessyca Falour<\/span><\/a><\/p>\n","protected":false},"author":1,"featured_media":0,"parent":0,"menu_order":0,"comment_status":"closed","ping_status":"closed","template":"","meta":{"_acf_changed":false,"_monsterinsights_skip_tracking":false,"_monsterinsights_sitenote_active":false,"_monsterinsights_sitenote_note":"","_monsterinsights_sitenote_category":0,"footnotes":""},"categories":[],"tags":[],"acf":[],"yoast_head":"<!-- This site is optimized with the Yoast SEO Premium plugin v16.1 (Yoast SEO v24.5) - https:\/\/yoast.com\/wordpress\/plugins\/seo\/ -->\n<title>Jessyca Falour - Escales romantiques<\/title>\n<meta name=\"description\" content=\"Animatrice radio &amp; TV d&#039;\u00e9missions de divertissement, sport, voyage et lifestyle depuis plus de 20 ans, Jessyca est aussi l&#039;auteur de deux livres. En\" \/>\n<meta name=\"robots\" content=\"index, follow, max-snippet:-1, max-image-preview:large, max-video-preview:-1\" \/>\n<link rel=\"canonical\" href=\"https:\/\/www.escalesromantiques.com\/en\/jessyca-falour\/\" \/>\n<meta property=\"og:locale\" content=\"en_US\" \/>\n<meta property=\"og:type\" content=\"article\" \/>\n<meta property=\"og:title\" content=\"Jessyca Falour - Escales romantiques\" \/>\n<meta property=\"og:description\" content=\"Animatrice radio &amp; TV d&#039;\u00e9missions de divertissement, sport, voyage et lifestyle depuis plus de 20 ans, Jessyca est aussi l&#039;auteur de deux livres. En\" \/>\n<meta property=\"og:url\" content=\"https:\/\/www.escalesromantiques.com\/en\/jessyca-falour\/\" \/>\n<meta property=\"og:site_name\" content=\"Escales romantiques\" \/>\n<meta property=\"og:image\" content=\"https:\/\/www.escalesromantiques.com\/wp-content\/uploads\/2018\/08\/IMG_6975-1-300x256.jpg\" \/>\n<meta name=\"twitter:card\" content=\"summary_large_image\" \/>\n<script type=\"application\/ld+json\" class=\"yoast-schema-graph\">{\"@context\":\"https:\/\/schema.org\",\"@graph\":[{\"@type\":\"WebPage\",\"@id\":\"https:\/\/www.escalesromantiques.com\/en\/jessyca-falour\/\",\"url\":\"https:\/\/www.escalesromantiques.com\/en\/jessyca-falour\/\",\"name\":\"Jessyca Falour - Escales romantiques\",\"isPartOf\":{\"@id\":\"https:\/\/www.escalesromantiques.com\/#website\"},\"primaryImageOfPage\":{\"@id\":\"https:\/\/www.escalesromantiques.com\/en\/jessyca-falour\/#primaryimage\"},\"image\":{\"@id\":\"https:\/\/www.escalesromantiques.com\/en\/jessyca-falour\/#primaryimage\"},\"thumbnailUrl\":\"https:\/\/www.escalesromantiques.com\/wp-content\/uploads\/2018\/08\/IMG_6975-1-300x256.jpg\",\"datePublished\":\"2018-11-19T09:13:24+00:00\",\"description\":\"Animatrice radio &amp; TV d'\u00e9missions de divertissement, sport, voyage et lifestyle depuis plus de 20 ans, Jessyca est aussi l'auteur de deux livres. En\",\"breadcrumb\":{\"@id\":\"https:\/\/www.escalesromantiques.com\/en\/jessyca-falour\/#breadcrumb\"},\"inLanguage\":\"en-US\",\"potentialAction\":[{\"@type\":\"ReadAction\",\"target\":[\"https:\/\/www.escalesromantiques.com\/en\/jessyca-falour\/\"]}]},{\"@type\":\"ImageObject\",\"inLanguage\":\"en-US\",\"@id\":\"https:\/\/www.escalesromantiques.com\/en\/jessyca-falour\/#primaryimage\",\"url\":\"https:\/\/www.escalesromantiques.com\/wp-content\/uploads\/2018\/08\/IMG_6975-1-300x256.jpg\",\"contentUrl\":\"https:\/\/www.escalesromantiques.com\/wp-content\/uploads\/2018\/08\/IMG_6975-1-300x256.jpg\"},{\"@type\":\"BreadcrumbList\",\"@id\":\"https:\/\/www.escalesromantiques.com\/en\/jessyca-falour\/#breadcrumb\",\"itemListElement\":[{\"@type\":\"ListItem\",\"position\":1,\"name\":\"Accueil\",\"item\":\"https:\/\/www.escalesromantiques.com\/en\/\"},{\"@type\":\"ListItem\",\"position\":2,\"name\":\"Jessyca Falour\"}]},{\"@type\":\"WebSite\",\"@id\":\"https:\/\/www.escalesromantiques.com\/#website\",\"url\":\"https:\/\/www.escalesromantiques.com\/\",\"name\":\"Escales romantiques\",\"description\":\"Le site des adresses chics et romantiques\",\"publisher\":{\"@id\":\"https:\/\/www.escalesromantiques.com\/#organization\"},\"potentialAction\":[{\"@type\":\"SearchAction\",\"target\":{\"@type\":\"EntryPoint\",\"urlTemplate\":\"https:\/\/www.escalesromantiques.com\/?s={search_term_string}\"},\"query-input\":{\"@type\":\"PropertyValueSpecification\",\"valueRequired\":true,\"valueName\":\"search_term_string\"}}],\"inLanguage\":\"en-US\"},{\"@type\":\"Organization\",\"@id\":\"https:\/\/www.escalesromantiques.com\/#organization\",\"name\":\"Escales romantiques\",\"url\":\"https:\/\/www.escalesromantiques.com\/\",\"logo\":{\"@type\":\"ImageObject\",\"inLanguage\":\"en-US\",\"@id\":\"https:\/\/www.escalesromantiques.com\/#\/schema\/logo\/image\/\",\"url\":\"https:\/\/i1.wp.com\/www.escalesromantiques.com\/wp-content\/uploads\/2019\/03\/escales-like.jpg?fit=300%2C284&ssl=1\",\"contentUrl\":\"https:\/\/i1.wp.com\/www.escalesromantiques.com\/wp-content\/uploads\/2019\/03\/escales-like.jpg?fit=300%2C284&ssl=1\",\"width\":300,\"height\":284,\"caption\":\"Escales romantiques\"},\"image\":{\"@id\":\"https:\/\/www.escalesromantiques.com\/#\/schema\/logo\/image\/\"}}]}<\/script>\n<!-- \/ Yoast SEO Premium plugin. -->","yoast_head_json":{"title":"Jessyca Falour - Escales romantiques","description":"Animatrice radio &amp; TV d'\u00e9missions de divertissement, sport, voyage et lifestyle depuis plus de 20 ans, Jessyca est aussi l'auteur de deux livres. En","robots":{"index":"index","follow":"follow","max-snippet":"max-snippet:-1","max-image-preview":"max-image-preview:large","max-video-preview":"max-video-preview:-1"},"canonical":"https:\/\/www.escalesromantiques.com\/en\/jessyca-falour\/","og_locale":"en_US","og_type":"article","og_title":"Jessyca Falour - Escales romantiques","og_description":"Animatrice radio &amp; TV d'\u00e9missions de divertissement, sport, voyage et lifestyle depuis plus de 20 ans, Jessyca est aussi l'auteur de deux livres. En","og_url":"https:\/\/www.escalesromantiques.com\/en\/jessyca-falour\/","og_site_name":"Escales romantiques","og_image":[{"url":"https:\/\/www.escalesromantiques.com\/wp-content\/uploads\/2018\/08\/IMG_6975-1-300x256.jpg","type":"","width":"","height":""}],"twitter_card":"summary_large_image","schema":{"@context":"https:\/\/schema.org","@graph":[{"@type":"WebPage","@id":"https:\/\/www.escalesromantiques.com\/en\/jessyca-falour\/","url":"https:\/\/www.escalesromantiques.com\/en\/jessyca-falour\/","name":"Jessyca Falour - Escales romantiques","isPartOf":{"@id":"https:\/\/www.escalesromantiques.com\/#website"},"primaryImageOfPage":{"@id":"https:\/\/www.escalesromantiques.com\/en\/jessyca-falour\/#primaryimage"},"image":{"@id":"https:\/\/www.escalesromantiques.com\/en\/jessyca-falour\/#primaryimage"},"thumbnailUrl":"https:\/\/www.escalesromantiques.com\/wp-content\/uploads\/2018\/08\/IMG_6975-1-300x256.jpg","datePublished":"2018-11-19T09:13:24+00:00","description":"Animatrice radio &amp; TV d'\u00e9missions de divertissement, sport, voyage et lifestyle depuis plus de 20 ans, Jessyca est aussi l'auteur de deux livres. En","breadcrumb":{"@id":"https:\/\/www.escalesromantiques.com\/en\/jessyca-falour\/#breadcrumb"},"inLanguage":"en-US","potentialAction":[{"@type":"ReadAction","target":["https:\/\/www.escalesromantiques.com\/en\/jessyca-falour\/"]}]},{"@type":"ImageObject","inLanguage":"en-US","@id":"https:\/\/www.escalesromantiques.com\/en\/jessyca-falour\/#primaryimage","url":"https:\/\/www.escalesromantiques.com\/wp-content\/uploads\/2018\/08\/IMG_6975-1-300x256.jpg","contentUrl":"https:\/\/www.escalesromantiques.com\/wp-content\/uploads\/2018\/08\/IMG_6975-1-300x256.jpg"},{"@type":"BreadcrumbList","@id":"https:\/\/www.escalesromantiques.com\/en\/jessyca-falour\/#breadcrumb","itemListElement":[{"@type":"ListItem","position":1,"name":"Accueil","item":"https:\/\/www.escalesromantiques.com\/en\/"},{"@type":"ListItem","position":2,"name":"Jessyca Falour"}]},{"@type":"WebSite","@id":"https:\/\/www.escalesromantiques.com\/#website","url":"https:\/\/www.escalesromantiques.com\/","name":"Escales romantiques","description":"Le site des adresses chics et romantiques","publisher":{"@id":"https:\/\/www.escalesromantiques.com\/#organization"},"potentialAction":[{"@type":"SearchAction","target":{"@type":"EntryPoint","urlTemplate":"https:\/\/www.escalesromantiques.com\/?s={search_term_string}"},"query-input":{"@type":"PropertyValueSpecification","valueRequired":true,"valueName":"search_term_string"}}],"inLanguage":"en-US"},{"@type":"Organization","@id":"https:\/\/www.escalesromantiques.com\/#organization","name":"Escales romantiques","url":"https:\/\/www.escalesromantiques.com\/","logo":{"@type":"ImageObject","inLanguage":"en-US","@id":"https:\/\/www.escalesromantiques.com\/#\/schema\/logo\/image\/","url":"https:\/\/i1.wp.com\/www.escalesromantiques.com\/wp-content\/uploads\/2019\/03\/escales-like.jpg?fit=300%2C284&ssl=1","contentUrl":"https:\/\/i1.wp.com\/www.escalesromantiques.com\/wp-content\/uploads\/2019\/03\/escales-like.jpg?fit=300%2C284&ssl=1","width":300,"height":284,"caption":"Escales romantiques"},"image":{"@id":"https:\/\/www.escalesromantiques.com\/#\/schema\/logo\/image\/"}}]}},"featured_image_src":null,"featured_image_src_square":null,"_links":{"self":[{"href":"https:\/\/www.escalesromantiques.com\/en\/wp-json\/wp\/v2\/pages\/960"}],"collection":[{"href":"https:\/\/www.escalesromantiques.com\/en\/wp-json\/wp\/v2\/pages"}],"about":[{"href":"https:\/\/www.escalesromantiques.com\/en\/wp-json\/wp\/v2\/types\/page"}],"author":[{"embeddable":true,"href":"https:\/\/www.escalesromantiques.com\/en\/wp-json\/wp\/v2\/users\/1"}],"replies":[{"embeddable":true,"href":"https:\/\/www.escalesromantiques.com\/en\/wp-json\/wp\/v2\/comments?post=960"}],"version-history":[{"count":0,"href":"https:\/\/www.escalesromantiques.com\/en\/wp-json\/wp\/v2\/pages\/960\/revisions"}],"wp:attachment":[{"href":"https:\/\/www.escalesromantiques.com\/en\/wp-json\/wp\/v2\/media?parent=960"}],"wp:term":[{"taxonomy":"category","embeddable":true,"href":"https:\/\/www.escalesromantiques.com\/en\/wp-json\/wp\/v2\/categories?post=960"},{"taxonomy":"post_tag","embeddable":true,"href":"https:\/\/www.escalesromantiques.com\/en\/wp-json\/wp\/v2\/tags?post=960"}],"curies":[{"name":"wp","href":"https:\/\/api.w.org\/{rel}","templated":true}]}}